{"id":2,"date":"2016-05-16T13:17:43","date_gmt":"2016-05-16T11:17:43","guid":{"rendered":"http:\/\/www.dr-hassdenteufel.de\/wordpress-2016-05\/?page_id=2"},"modified":"2016-10-30T23:35:29","modified_gmt":"2016-10-30T21:35:29","slug":"sample-page","status":"publish","type":"page","link":"https:\/\/www.dr-hassdenteufel.de\/","title":{"rendered":"Start"},"content":{"rendered":"<div class=\"TextBlock\">\n<blockquote id=\"post-2-1\"><p>Unser Auftrag ist Ihr gesundes L\u00e4cheln.<\/p><\/blockquote>\n<h1>Ihre Praxis Dres. Reinhard &amp; Daniel Ha\u00dfdenteufel<\/h1>\n<blockquote id=\"post-2-2\"><p>Bei Fragen und W\u00fcnschen stehen wir Ihnen gerne mit kompetentem Rat zur Seite.<\/p><\/blockquote>\n<\/div>\n<div id=\"metaslider-id-141\" style=\"width: 100%;\" class=\"ml-slider-3-27-12 metaslider metaslider-flex metaslider-141 ml-slider nav-hidden\">\n    <div id=\"metaslider_container_141\">\n        <div id=\"metaslider_141\">\n            <ul aria-live=\"polite\" class=\"slides\">\n                <li style=\"display: block; width: 100%;\" class=\"slide-151 ms-image\"><img src=\"https:\/\/www.dr-hassdenteufel.de\/wp-content\/uploads\/2016\/10\/Carousel2.jpg\" height=\"820\" width=\"1420\" alt=\"\" class=\"slider-141 slide-151\" \/><\/li>\n                <li style=\"display: none; width: 100%;\" class=\"slide-156 ms-image\"><img src=\"https:\/\/www.dr-hassdenteufel.de\/wp-content\/uploads\/2016\/11\/Carousel1.jpg\" height=\"820\" width=\"1420\" alt=\"\" class=\"slider-141 slide-156\" \/><\/li>\n                <li style=\"display: none; width: 100%;\" class=\"slide-152 ms-image\"><img src=\"https:\/\/www.dr-hassdenteufel.de\/wp-content\/uploads\/2016\/10\/Carousel3.jpg\" height=\"820\" width=\"1420\" alt=\"\" class=\"slider-141 slide-152\" \/><\/li>\n            <\/ul>\n        <\/div>\n        \n    <\/div>\n<\/div>\n","protected":false},"excerpt":{"rendered":"<p>Unser Auftrag ist Ihr gesundes L\u00e4cheln. Ihre Praxis Dres. Reinhard &amp; Daniel Ha\u00dfdenteufel Bei Fragen und W\u00fcnschen stehen wir Ihnen gerne mit kompetentem Rat zur Seite.<\/p>\n","protected":false},"author":1,"featured_media":0,"parent":0,"menu_order":5,"comment_status":"closed","ping_status":"closed","template":"","meta":[],"_links":{"self":[{"href":"https:\/\/www.dr-hassdenteufel.de\/index.php\/wp-json\/wp\/v2\/pages\/2"}],"collection":[{"href":"https:\/\/www.dr-hassdenteufel.de\/index.php\/wp-json\/wp\/v2\/pages"}],"about":[{"href":"https:\/\/www.dr-hassdenteufel.de\/index.php\/wp-json\/wp\/v2\/types\/page"}],"author":[{"embeddable":true,"href":"https:\/\/www.dr-hassdenteufel.de\/index.php\/wp-json\/wp\/v2\/users\/1"}],"replies":[{"embeddable":true,"href":"https:\/\/www.dr-hassdenteufel.de\/index.php\/wp-json\/wp\/v2\/comments?post=2"}],"version-history":[{"count":7,"href":"https:\/\/www.dr-hassdenteufel.de\/index.php\/wp-json\/wp\/v2\/pages\/2\/revisions"}],"predecessor-version":[{"id":153,"href":"https:\/\/www.dr-hassdenteufel.de\/index.php\/wp-json\/wp\/v2\/pages\/2\/revisions\/153"}],"wp:attachment":[{"href":"https:\/\/www.dr-hassdenteufel.de\/index.php\/wp-json\/wp\/v2\/media?parent=2"}],"curies":[{"name":"wp","href":"https:\/\/api.w.org\/{rel}","templated":true}]}}